{"id":15569,"date":"2020-03-29T23:28:09","date_gmt":"2020-03-29T21:28:09","guid":{"rendered":"https:\/\/jointhebeautymovement.com\/home-page\/"},"modified":"2020-04-08T17:50:47","modified_gmt":"2020-04-08T15:50:47","slug":"home-page","status":"publish","type":"page","link":"https:\/\/jointhebeautymovement.com\/es\/","title":{"rendered":"Home Page ES"},"content":{"rendered":"[vc_row full_width=&#8221;stretch_row&#8221; css=&#8221;.vc_custom_1585604324058{margin-top: -70px !important;background-position: center !important;background-repeat: no-repeat !important;background-size: cover !important;}&#8221;][vc_column][gt3_spacing height=&#8221;50px&#8221; responsive_es=&#8221;true&#8221; height_tablet=&#8221;150&#8243; height_mobile=&#8221;60&#8243;][gt3_custom_text text_color=&#8221;#ffffff&#8221; font_size=&#8221;48&#8243; line_height=&#8221;125&#8243; responsive_font=&#8221;true&#8221; font_size_mobile=&#8221;30&#8243;]\n<h1 style=\"text-align: center;\"><span style=\"color: #010101;\">\u00danete al Movimiento de la Belleza<\/span><\/h1>\n[\/gt3_custom_text][gt3_spacing height=&#8221;50px&#8221; responsive_es=&#8221;true&#8221; height_tablet=&#8221;150&#8243; height_mobile=&#8221;60&#8243;][gt3_spacing height=&#8221;50px&#8221; responsive_es=&#8221;true&#8221; height_tablet=&#8221;150&#8243; height_mobile=&#8221;60&#8243;][vc_column_text css=&#8221;.vc_custom_1586185517379{margin-bottom: 0px !important;}&#8221;]\n<h2 style=\"text-align: center;\">La Belleza nos salvar\u00e1<\/h2>\n[\/vc_column_text][gt3_spacing height=&#8221;20px&#8221; responsive_es=&#8221;true&#8221; height_tablet=&#8221;150&#8243; height_mobile=&#8221;60&#8243;][gt3_custom_text text_color=&#8221;&#8221; font_size=&#8221;18&#8243;]\n<p style=\"text-align: center;\">Es en los momentos m\u00e1s oscuros cuando se empieza a ver la Luz, esa luz que renace cada d\u00eda y que nos da la seguridad de que la Vida no duerme nunca.<br \/>\nEs en estos momentos en los que, si nos paramos y permanecemos en nuestro coraz\u00f3n, podemos recoger esa energ\u00eda vital que viene de la Belleza: el Universo sigue las leyes del Amor y la Armon\u00eda, y las personas para evolucionar, tiene que aprender a reconocer la Belleza que se encuentra en \u00e9l.<\/p>\n<p>&nbsp;<\/p>\n<p style=\"text-align: center;\">Desde estas bases, mientras el mundo est\u00e1 envuelto en la niebla de una pandemia, hemos decidido crear el Movimiento de la Belleza, para lanzar un llamamiento y un mensaje de esperanza: entregu\u00e9monos a la Belleza, cultiv\u00e9mosla, volviendo a la Naturaleza, para encontrar nuestra profunda conexi\u00f3n con la Tierra.; solo as\u00ed podemos evolucionar.<\/p>\n<p>&nbsp;<\/p>\n<p style=\"text-align: center;\">Somos Andrea Bianchi, escritor, y Alessandro Gruzza, fot\u00f3grafo naturalista. Si t\u00fa tambi\u00e9n sientes que somos todos hijos de la Tierra, \u00fanete con nosotros al Movimiento de la Belleza: d\u00e9janos tu e-mail y si lo deseas, un comentario, una idea, una propuesta. Necesitamos la contribuci\u00f3n de todos para encontrar y juntos hacer posible una manera nueva de vivir y ver el mundo.<\/p>\n<p>&nbsp;<\/p>\n<p style=\"text-align: center;\"><em>Andrea Bianchi, Alessandro Gruzza<\/em><\/p>\n[\/gt3_custom_text][gt3_spacing height=&#8221;100px&#8221; responsive_es=&#8221;true&#8221; height_tablet=&#8221;160&#8243; height_mobile=&#8221;100&#8243;][\/vc_column][\/vc_row][vc_row full_width=&#8221;stretch_row&#8221; disable_element=&#8221;yes&#8221; css=&#8221;.vc_custom_1585606031403{background-color: #ffffff !important;}&#8221;][vc_column css=&#8221;.vc_custom_1508502007650{padding-top: 0px !important;}&#8221;][gt3_spacing height=&#8221;110px&#8221; responsive_es=&#8221;true&#8221; height_size_sm_desctop=&#8221;80&#8243;][vc_column_text css=&#8221;.vc_custom_1508333855904{margin-bottom: 0px !important;}&#8221;]\n<h2 style=\"text-align: center;\">Featured categories<\/h2>\n[\/vc_column_text][gt3_spacing height=&#8221;5px&#8221;][gt3_custom_text text_color=&#8221;&#8221; font_size=&#8221;18&#8243;]\n<p style=\"text-align: center;\">Discover New York\u2019s best things to do, restaurants, theatre, nightlife and more<\/p>\n[\/gt3_custom_text][gt3_spacing height=&#8221;60px&#8221;][gt3_listing_categories view_type=&#8221;type_packery&#8221; number_of_items=&#8221;6&#8243; packery_layout=&#8221;pls_4items&#8221; categories_slug=&#8221;parking, outdoor, hotel-hostel, shop-store&#8221;][gt3_spacing height=&#8221;85px&#8221; responsive_es=&#8221;true&#8221; height_size_sm_desctop=&#8221;50px&#8221;][\/vc_column][\/vc_row][vc_row full_width=&#8221;stretch_row&#8221; disable_element=&#8221;yes&#8221; css=&#8221;.vc_custom_1585648290035{border-top-width: 1px !important;border-bottom-width: 1px !important;background-color: #f9f9f9 !important;border-top-color: #f0f0f0 !important;border-top-style: solid !important;border-bottom-color: #f0f0f0 !important;border-bottom-style: solid !important;}&#8221;][vc_column][gt3_spacing height=&#8221;65px&#8221; responsive_es=&#8221;true&#8221; height_mobile=&#8221;40&#8243;][vc_column_text css=&#8221;.vc_custom_1508407192125{margin-bottom: 0px !important;}&#8221;]\n<h2 style=\"text-align: center;\">Popular listings<\/h2>\n[\/vc_column_text][gt3_spacing height=&#8221;5px&#8221;][gt3_custom_text text_color=&#8221;&#8221; font_size=&#8221;18&#8243;]\n<p style=\"text-align: center;\">Explore the greates places in the city. You won\u2019t be disappointed.<\/p>\n[\/gt3_custom_text][gt3_spacing height=&#8221;35px&#8221; responsive_es=&#8221;true&#8221; height_mobile=&#8221;20&#8243;][gt3_listing_grid show_filters=&#8221;&#8221; pagination_type=&#8221;load_more&#8221; use_carousel=&#8221;yes&#8221; autoplay_carousel=&#8221;&#8221;][gt3_spacing height=&#8221;10px&#8221; responsive_es=&#8221;true&#8221; height_mobile=&#8221;0&#8243;][gt3_button button_title=&#8221;VIEW ALL&#8221; button_alignment=&#8221;center&#8221; btn_border_radius=&#8221;30px&#8221; btn_icon_type=&#8221;font&#8221; btn_icon_fontawesome=&#8221;fa fa-angle-right&#8221; btn_icon_position=&#8221;right&#8221; link=&#8221;url:http%3A%2F%2Fgt3demo.com%2Fwp%2Flistingeasy%2Flistings-with-map%2F|||&#8221;][gt3_spacing height=&#8221;80px&#8221; responsive_es=&#8221;true&#8221; height_mobile=&#8221;60&#8243;][\/vc_column][\/vc_row][vc_row full_width=&#8221;stretch_row&#8221; disable_element=&#8221;yes&#8221; css=&#8221;.vc_custom_1585648304021{background-color: #ffffff !important;}&#8221;][vc_column][gt3_spacing height=&#8221;55px&#8221;][vc_column_text css=&#8221;.vc_custom_1508408745547{margin-bottom: 0px !important;}&#8221;]\n<h2 style=\"text-align: center;\">How it works<\/h2>\n[\/vc_column_text][gt3_spacing height=&#8221;5px&#8221;][gt3_custom_text text_color=&#8221;&#8221; font_size=&#8221;18&#8243;]\n<p style=\"text-align: center;\">See why ListingEasy is one of the best friends for exploring the city<\/p>\n[\/gt3_custom_text][gt3_spacing height=&#8221;75px&#8221;][vc_row_inner][vc_column_inner width=&#8221;1\/3&#8243; css=&#8221;.vc_custom_1508409216596{padding-right: 30px !important;padding-left: 30px !important;}&#8221;][gt3_icon_box icon_type=&#8221;image&#8221; thumbnail=&#8221;11922&#8243; icon_position=&#8221;top&#8221; icon_size=&#8221;custom&#8221; custom_icon_size=&#8221;150&#8243; title_tag=&#8221;h3&#8243; iconbox_title_size=&#8221;20&#8243; title_color=&#8221;#334e6f&#8221; text_color=&#8221;#8995a2&#8243; link_color=&#8221;#28b8dc&#8221; link_hover_color=&#8221;#334e6f&#8221; new_tab=&#8221;&#8221; icon_circle=&#8221;&#8221; icon_add_number=&#8221;&#8221; heading=&#8221;Discover greates places&#8221; text=&#8221;Search and Find what you are looking for. Best spots are here for you.&#8221; url=&#8221;#&#8221;][gt3_spacing height=&#8221;70px&#8221;][\/vc_column_inner][vc_column_inner width=&#8221;1\/3&#8243; css=&#8221;.vc_custom_1508411823940{padding-right: 30px !important;padding-left: 30px !important;}&#8221;][gt3_icon_box icon_type=&#8221;image&#8221; thumbnail=&#8221;11922&#8243; icon_position=&#8221;top&#8221; icon_size=&#8221;custom&#8221; custom_icon_size=&#8221;150&#8243; title_tag=&#8221;h3&#8243; iconbox_title_size=&#8221;20&#8243; title_color=&#8221;#334e6f&#8221; text_color=&#8221;#8995a2&#8243; link_color=&#8221;#28b8dc&#8221; link_hover_color=&#8221;#334e6f&#8221; new_tab=&#8221;&#8221; icon_circle=&#8221;&#8221; icon_add_number=&#8221;&#8221; heading=&#8221;Discover greates places&#8221; text=&#8221;Search and Find what you are looking for. Best spots are here for you.&#8221; url=&#8221;#&#8221;][gt3_spacing height=&#8221;70px&#8221;][\/vc_column_inner][vc_column_inner width=&#8221;1\/3&#8243; css=&#8221;.vc_custom_1508411835404{padding-right: 30px !important;padding-left: 30px !important;}&#8221;][gt3_icon_box icon_type=&#8221;image&#8221; thumbnail=&#8221;11922&#8243; icon_position=&#8221;top&#8221; icon_size=&#8221;custom&#8221; custom_icon_size=&#8221;150&#8243; title_tag=&#8221;h3&#8243; iconbox_title_size=&#8221;20&#8243; title_color=&#8221;#334e6f&#8221; text_color=&#8221;#8995a2&#8243; link_color=&#8221;#28b8dc&#8221; link_hover_color=&#8221;#334e6f&#8221; new_tab=&#8221;&#8221; icon_circle=&#8221;&#8221; icon_add_number=&#8221;&#8221; heading=&#8221;Discover greates places&#8221; text=&#8221;Search and Find what you are looking for. Best spots are here for you.&#8221; url=&#8221;#&#8221;][gt3_spacing height=&#8221;70px&#8221;][\/vc_column_inner][\/vc_row_inner][gt3_spacing height=&#8221;40px&#8221;][\/vc_column][\/vc_row][vc_row full_width=&#8221;stretch_row&#8221; css=&#8221;.vc_custom_1586259470004{background-image: url(https:\/\/jointhebeautymovement.com\/wp-content\/uploads\/2020\/04\/Signup2_1920x1080-1.jpg?id=15628) !important;background-position: center !important;background-repeat: no-repeat !important;background-size: cover !important;}&#8221;][vc_column][gt3_spacing height=&#8221;120px&#8221; responsive_es=&#8221;true&#8221; height_size_sm_desctop=&#8221;90&#8243; height_mobile=&#8221;70&#8243;][vc_column_text]<img loading=\"lazy\" class=\"wp-image-15159 size-full aligncenter\" src=\"https:\/\/jointhebeautymovement.com\/wp-content\/uploads\/2020\/03\/Color-logo-no-background-small.png\" alt=\"\" width=\"340\" height=\"220\" srcset=\"https:\/\/jointhebeautymovement.com\/wp-content\/uploads\/2020\/03\/Color-logo-no-background-small.png 340w, https:\/\/jointhebeautymovement.com\/wp-content\/uploads\/2020\/03\/Color-logo-no-background-small-300x194.png 300w\" sizes=\"(max-width: 340px) 100vw, 340px\" \/>[\/vc_column_text][gt3_custom_text text_color=&#8221;#ffffff&#8221; font_size=&#8221;72&#8243; line_height=&#8221;100&#8243; responsive_font=&#8221;true&#8221; font_size_mobile=&#8221;42&#8243;]\n<h2 style=\"text-align: center;\"><span style=\"font-weight: bold;\" class=\"gt3_font-weight\">\u00daNETE A LA BELLEZA<\/span><\/h2>\n[\/gt3_custom_text][gt3_spacing height=&#8221;15px&#8221;][vc_row_inner][vc_column_inner width=&#8221;5\/6&#8243; offset=&#8221;vc_col-lg-offset-3 vc_col-lg-6 vc_col-md-offset-2 vc_col-md-8 vc_col-sm-offset-1&#8243;][gt3_custom_text text_color=&#8221;#ffffff&#8221; font_size=&#8221;18&#8243; line_height=&#8221;166&#8243; responsive_font=&#8221;true&#8221; font_size_mobile=&#8221;14&#8243;]\n<p style=\"text-align: center;\">Necesitamos la ayuda de todos para encontrar y hacer posible una nueva manera de vivir y ver el mundo. Por eso, hemos ideado el \u201cMovimiento de la Belleza\u201d para crear y desarrollar una plataforma y un network.<\/p>\n<p>&nbsp;<\/p>\n<p style=\"text-align: center;\"><span style=\"font-weight: bold; color: #fbaf2a;\" class=\"gt3_font-weight\">Suscr\u00edbete y d\u00e9janos tu contacto si estas interesado en contribuir, o simplemente para mantenerte informado de los futuros avances.<\/span><\/p>\n<p>&nbsp;<\/p>\n<p style=\"text-align: center;\"><span style=\"font-weight: bold; color: #fbaf2a;\" class=\"gt3_font-weight\">Tambi\u00e9n puedes dejarnos un comentario aqu\u00ed debajo para que la gente sepa que has pasado por aqu\u00ed. El paso de cada uno es importante para el camino de todos.<\/span><\/p>\n<p style=\"text-align: center;\"><span style=\"font-weight: bold; color: #fbaf2a;\" class=\"gt3_font-weight\">\u00a1GRACIAS!<\/span><\/p>\n[\/gt3_custom_text][\/vc_column_inner][\/vc_row_inner][gt3_spacing height=&#8221;60px&#8221;][gt3_button button_title=&#8221;\u00daNETE A LA BELLEZA&#8221; button_alignment=&#8221;center&#8221; btn_border_radius=&#8221;30px&#8221; link=&#8221;url:https%3A%2F%2Fjointhebeautymovement.com%2Fes%2Fnewsletter%2F|||&#8221;][gt3_spacing height=&#8221;130px&#8221; responsive_es=&#8221;true&#8221; height_size_sm_desctop=&#8221;100&#8243; height_mobile=&#8221;80&#8243;][\/vc_column][\/vc_row][vc_row full_width=&#8221;stretch_row&#8221; disable_element=&#8221;yes&#8221; css=&#8221;.vc_custom_1585648336687{background-color: #ffffff !important;}&#8221;][vc_column][gt3_spacing height=&#8221;60px&#8221; responsive_es=&#8221;true&#8221; height_tablet=&#8221;40&#8243;][vc_column_text css=&#8221;.vc_custom_1508420348123{margin-bottom: 0px !important;}&#8221;]\n<h3 style=\"text-align: center;\">Tips &amp; Articles<\/h3>\n[\/vc_column_text][gt3_spacing height=&#8221;5px&#8221;][gt3_custom_text text_color=&#8221;&#8221; font_size=&#8221;18&#8243;]\n<p style=\"text-align: center;\">Browse the latest articles and tips from our blog<\/p>\n[\/gt3_custom_text][gt3_spacing height=&#8221;75px&#8221;][gt3_featured_posts meta_author=&#8221;yes&#8221; meta_categories=&#8221;yes&#8221; image_proportions=&#8221;4_3&#8243; items_per_line=&#8221;3&#8243; content_letter_count=&#8221;0&#8243; build_query=&#8221;size:3|order_by:date|order:DESC|by_id:11540,6,11658&#8243;][gt3_spacing height=&#8221;20px&#8221;][gt3_button button_title=&#8221;SEE ALL&#8221; button_alignment=&#8221;center&#8221; btn_border_radius=&#8221;30px&#8221; btn_icon_type=&#8221;font&#8221; btn_icon_fontawesome=&#8221;fa fa-angle-right&#8221; btn_icon_position=&#8221;right&#8221; link=&#8221;url:http%3A%2F%2Fgt3demo.com%2Fwp%2Flistingeasy%2Fblog-with-right-sidebar%2F|||&#8221;][gt3_spacing height=&#8221;80px&#8221; responsive_es=&#8221;true&#8221; height_tablet=&#8221;60&#8243;][\/vc_column][\/vc_row][vc_row full_width=&#8221;stretch_row&#8221; css=&#8221;.vc_custom_1585772120782{margin-bottom: -40px !important;background-position: 0 0 !important;background-repeat: repeat !important;}&#8221;][vc_column offset=&#8221;vc_col-md-offset-1 vc_col-md-10&#8243; css=&#8221;.vc_custom_1508505536567{padding-top: 0px !important;}&#8221;][gt3_spacing height=&#8221;60px&#8221; responsive_es=&#8221;true&#8221; height_tablet=&#8221;40&#8243;][vc_row_inner content_placement=&#8221;middle&#8221; disable_element=&#8221;yes&#8221;][vc_column_inner width=&#8221;2\/3&#8243;][vc_column_text css=&#8221;.vc_custom_1508482004877{margin-bottom: 0px !important;}&#8221;]\n<h3 style=\"text-align: left;\">Join our community<\/h3>\n[\/vc_column_text][gt3_spacing height=&#8221;5px&#8221;][gt3_custom_text text_color=&#8221;&#8221; font_size=&#8221;18&#8243;]\n<p style=\"text-align: left;\">Grow your marketing and be happy with your business<\/p>\n[\/gt3_custom_text][\/vc_column_inner][vc_column_inner width=&#8221;1\/3&#8243; offset=&#8221;vc_hidden-xs&#8221;][gt3_spacing height=&#8221;12px&#8221;][gt3_button button_title=&#8221;SIGN UP&#8221; button_alignment=&#8221;right&#8221; btn_border_radius=&#8221;30px&#8221; btn_icon_type=&#8221;font&#8221; btn_icon_fontawesome=&#8221;fa fa-angle-right&#8221; btn_icon_position=&#8221;right&#8221; css=&#8221;.vc_custom_1508505569697{margin-bottom: 0px !important;}&#8221; item_el_class=&#8221;lwa&#8221;][gt3_spacing height=&#8221;12px&#8221;][\/vc_column_inner][\/vc_row_inner][vc_row_inner disable_element=&#8221;yes&#8221;][vc_column_inner offset=&#8221;vc_hidden-lg vc_hidden-md vc_hidden-sm&#8221;][gt3_spacing height=&#8221;20px&#8221;][gt3_button button_title=&#8221;SIGN UP&#8221; button_alignment=&#8221;left&#8221; btn_border_radius=&#8221;30px&#8221; btn_icon_type=&#8221;font&#8221; btn_icon_fontawesome=&#8221;fa fa-angle-right&#8221; btn_icon_position=&#8221;right&#8221; css=&#8221;.vc_custom_1508937371901{margin-bottom: 0px !important;}&#8221; item_el_class=&#8221;lwa&#8221;][\/vc_column_inner][\/vc_row_inner][gt3_spacing height=&#8221;60px&#8221; responsive_es=&#8221;true&#8221; height_tablet=&#8221;40&#8243;][\/vc_column][\/vc_row]\n","protected":false},"excerpt":{"rendered":"<p>[vc_row full_width=&#8221;stretch_row&#8221; css=&#8221;.vc_custom_1585604324058{margin-top: -70px !important;background-position: center !important;background-repeat: no-repeat !important;background-size: cover !important;}&#8221;][vc_column][gt3_spacing height=&#8221;50px&#8221; responsive_es=&#8221;true&#8221; height_tablet=&#8221;150&#8243; height_mobile=&#8221;60&#8243;][gt3_custom_text text_color=&#8221;#ffffff&#8221; font_size=&#8221;48&#8243; line_height=&#8221;125&#8243; responsive_font=&#8221;true&#8221; font_size_mobile=&#8221;30&#8243;] \u00danete al Movimiento de la Belleza [\/gt3_custom_text][gt3_spacing height=&#8221;50px&#8221; responsive_es=&#8221;true&#8221; height_tablet=&#8221;150&#8243; height_mobile=&#8221;60&#8243;][gt3_spacing height=&#8221;50px&#8221; responsive_es=&#8221;true&#8221; height_tablet=&#8221;150&#8243; height_mobile=&#8221;60&#8243;][vc_column_text css=&#8221;.vc_custom_1586185517379{margin-bottom: 0px !important;}&#8221;] La Belleza nos salvar\u00e1 [\/vc_column_text][gt3_spacing height=&#8221;20px&#8221; responsive_es=&#8221;true&#8221; height_tablet=&#8221;150&#8243; height_mobile=&#8221;60&#8243;][gt3_custom_text text_color=&#8221;&#8221; font_size=&#8221;18&#8243;] Es en los momentos m\u00e1s oscuros [&hellip;]<\/p>\n","protected":false},"author":1,"featured_media":0,"parent":0,"menu_order":0,"comment_status":"closed","ping_status":"closed","template":"","meta":[],"_links":{"self":[{"href":"https:\/\/jointhebeautymovement.com\/es\/wp-json\/wp\/v2\/pages\/15569"}],"collection":[{"href":"https:\/\/jointhebeautymovement.com\/es\/wp-json\/wp\/v2\/pages"}],"about":[{"href":"https:\/\/jointhebeautymovement.com\/es\/wp-json\/wp\/v2\/types\/page"}],"author":[{"embeddable":true,"href":"https:\/\/jointhebeautymovement.com\/es\/wp-json\/wp\/v2\/users\/1"}],"replies":[{"embeddable":true,"href":"https:\/\/jointhebeautymovement.com\/es\/wp-json\/wp\/v2\/comments?post=15569"}],"version-history":[{"count":8,"href":"https:\/\/jointhebeautymovement.com\/es\/wp-json\/wp\/v2\/pages\/15569\/revisions"}],"predecessor-version":[{"id":15657,"href":"https:\/\/jointhebeautymovement.com\/es\/wp-json\/wp\/v2\/pages\/15569\/revisions\/15657"}],"wp:attachment":[{"href":"https:\/\/jointhebeautymovement.com\/es\/wp-json\/wp\/v2\/media?parent=15569"}],"curies":[{"name":"wp","href":"https:\/\/api.w.org\/{rel}","templated":true}]}}