{"id":15838,"date":"2020-05-09T08:22:56","date_gmt":"2020-05-09T06:22:56","guid":{"rendered":"https:\/\/jointhebeautymovement.com\/?page_id=15838"},"modified":"2020-05-15T12:20:25","modified_gmt":"2020-05-15T10:20:25","slug":"mision","status":"publish","type":"page","link":"https:\/\/jointhebeautymovement.com\/es\/mision\/","title":{"rendered":"Misi\u00f3n"},"content":{"rendered":"[vc_row full_width=&#8221;stretch_row&#8221; css=&#8221;.vc_custom_1589004394499{margin-top: -140px !important;background-color: #ffffff !important;}&#8221;][vc_column css=&#8221;.vc_custom_1508502007650{padding-top: 0px !important;}&#8221;][gt3_spacing height=&#8221;50px&#8221;][gt3_custom_text text_color=&#8221;&#8221; font_size=&#8221;18&#8243;]Para imaginar y hacer posible el mundo en el que queremos vivir, descrito en la <span style=\"color: #fbaf2a;\"><a href=\"https:\/\/jointhebeautymovement.com\/es\/vision-mission\/\" style=\"color: #fbaf2a;\"><strong>Visi\u00f3n<\/strong><\/a><\/span>, el Movimiento de la Belleza quiere ser <strong>una plataforma editorial y una red de referencia<\/strong> para reunir y conectar <strong>personas, organizaciones, ideas, proyectos y recursos econ\u00f3micos<\/strong>, dirigidos a mejoras concretas para el bienestar y la sostenibilidad del planeta y sus habitantes, en las siguientes \u00e1reas:<\/p>\n<p>&nbsp;<\/p>\n<ol>\n<li><b>\u00c9tica y respeto por la Naturaleza<\/b><\/li>\n<li><b>Modelos de desarrollo econ\u00f3mico sostenible<\/b><\/li>\n<li><b>Energ\u00edas renovables<\/b><\/li>\n<li><b>Experiencias en contacto con la Naturaleza<\/b><\/li>\n<li><b>Bienestar hol\u00edstico de la persona<\/b><\/li>\n<\/ol>\n<p>&nbsp;<\/p>\n<p style=\"text-align: left;\"><span style=\"font-weight: 400;\">Las \u00e1reas enumeradas anteriormente no tienen un objetivo de exhaustividad, y su definici\u00f3n adicional en \u00e1reas de actividad m\u00e1s detalladas se conf\u00eda al desarrollo de la plataforma en s\u00ed, que se organiza tanto en actividades voluntarias como remuneradas.<\/span><\/p>\n<p>&nbsp;<\/p>\n<p style=\"text-align: left;\"><span style=\"font-weight: 400;\">A modo de orientaci\u00f3n, aqu\u00ed hay algunas actividades m\u00e1s detalladas que se encuentran dentro de las \u00e1reas enumeradas anteriormente:<\/span><\/p>\n<p>&nbsp;<\/p>\n<p><strong>1. <b>\u00c9tica y respeto por la Naturaleza<\/b><span style=\"font-weight: 400;\">:<\/span><\/strong><\/p>\n<p>&nbsp;<\/p>\n<ul>\n<li style=\"text-align: left;\"><span style=\"font-weight: 400;\">Protecci\u00f3n del h\u00e1bitat natural<\/span><\/li>\n<li style=\"text-align: left;\"><span style=\"font-weight: 400;\">Conservaci\u00f3n de la vida silvestre y de la biodiversidad<\/span><\/li>\n<li style=\"text-align: left;\"><span style=\"font-weight: 400;\">Movilidad sostenible<\/span><\/li>\n<li style=\"text-align: left;\"><span style=\"font-weight: 400;\">Ahorro de recursos naturales<\/span><\/li>\n<li style=\"text-align: left;\">Educaci\u00f3n ecologica<\/li>\n<li style=\"text-align: left;\"><span style=\"font-weight: 400;\">Informaci\u00f3n<\/span><\/li>\n<\/ul>\n<p>&nbsp;<\/p>\n<p><strong>2. <b>Modelos de desarrollo econ\u00f3mico sostenible<\/b><span style=\"font-weight: 400;\">:<\/span><\/strong><\/p>\n<p>&nbsp;<\/p>\n<ul>\n<li style=\"text-align: left;\"><span style=\"font-weight: 400;\">Nuevos modelos econ\u00f3micos<\/span><\/li>\n<li style=\"text-align: left;\"><span style=\"font-weight: 400;\">Negocio sostenible<\/span><\/li>\n<li style=\"text-align: left;\"><span style=\"font-weight: 400;\">Productos \u00e9ticos<\/span><\/li>\n<\/ul>\n<p>&nbsp;<\/p>\n<p style=\"text-align: left;\"><strong>3. <b>Energ\u00edas renovables<\/b><span style=\"font-weight: 400;\">:<\/span><\/strong><\/p>\n<p>&nbsp;<\/p>\n<ul>\n<li style=\"text-align: left;\"><span style=\"font-weight: 400;\">Producci\u00f3n y distribuci\u00f3n de energ\u00edas renovables<\/span><\/li>\n<\/ul>\n<p>&nbsp;<\/p>\n<p style=\"text-align: left;\"><strong>4. <b>Experiencias en contacto con la Naturalez<\/b>a:<\/strong><\/p>\n<p>&nbsp;<\/p>\n<ul>\n<li style=\"text-align: left;\"><span style=\"font-weight: 400;\">Eventos y actividades<\/span><\/li>\n<li style=\"text-align: left;\"><span style=\"font-weight: 400;\">Viajes<\/span><\/li>\n<li style=\"text-align: left;\"><span style=\"font-weight: 400;\">Talleres de trabajo<\/span><\/li>\n<\/ul>\n<p>&nbsp;<\/p>\n<p style=\"text-align: left;\"><strong>5. <b>Bienestar hol\u00edstico de la persona<\/b><span style=\"font-weight: 400;\">:<\/span><\/strong><\/p>\n<p>&nbsp;<\/p>\n<ul>\n<li style=\"text-align: left;\"><span style=\"font-weight: 400;\">Desarrollo de nuevos patrones de pensamiento<\/span><\/li>\n<li style=\"text-align: left;\"><span style=\"font-weight: 400;\">Estudio de la interconexi\u00f3n de formas de vida<\/span><\/li>\n<li style=\"text-align: left;\"><span style=\"font-weight: 400;\">Ecolog\u00eda profunda<\/span><\/li>\n<li style=\"text-align: left;\"><span style=\"font-weight: 400;\">Salud<\/span><\/li>\n<li style=\"text-align: left;\"><span style=\"font-weight: 400;\">Biofilia<\/span><\/li>\n<li style=\"text-align: left;\"><span style=\"font-weight: 400;\">Desarrollo de una conciencia colectiva basada en la relaci\u00f3n Hombre-Naturaleza<\/span><\/li>\n<\/ul>\n<p>&nbsp;<\/p>\n<p style=\"text-align: center;\"><em>Mission, Versi\u00f3n 1.0 &#8211; 9 de mayo de 2020<\/em><\/p>\n[\/gt3_custom_text][gt3_spacing height=&#8221;50px&#8221;][vc_row_inner disable_element=&#8221;yes&#8221; el_class=&#8221;gt3_iconboxes_line&#8221;][vc_column_inner width=&#8221;1\/3&#8243; css=&#8221;.vc_custom_1508743068141{padding-right: 30px !important;padding-left: 30px !important;}&#8221;][gt3_icon_box icon_type=&#8221;image&#8221; thumbnail=&#8221;11929&#8243; icon_position=&#8221;top&#8221; css_animation=&#8221;bottom-to-top&#8221; icon_size=&#8221;large&#8221; title_tag=&#8221;h6&#8243; iconbox_title_size=&#8221;20&#8243; iconbox_content_size=&#8221;16&#8243; title_color=&#8221;#334e6f&#8221; text_color=&#8221;#8995a2&#8243; link_color=&#8221;#5ec0d5&#8243; link_hover_color=&#8221;#000000&#8243; new_tab=&#8221;&#8221; icon_circle=&#8221;&#8221; icon_add_number=&#8221;true&#8221; heading=&#8221;Choose a category&#8221; text=&#8221;Search and Find what you are looking for. Best spots are here for you.&#8221; icon_number=&#8221;1&#8243;][gt3_spacing height=&#8221;65px&#8221;][\/vc_column_inner][vc_column_inner width=&#8221;1\/3&#8243; css=&#8221;.vc_custom_1508743063229{padding-right: 30px !important;padding-left: 30px !important;}&#8221;][vc_column_text css=&#8221;.vc_custom_1589308505897{margin-bottom: 0px !important;}&#8221;]\n<h2 style=\"text-align: center;\">Participa en la discusi\u00f3n de la Misi\u00f3n<\/h2>\n[\/vc_column_text][gt3_spacing height=&#8221;25px&#8221;][gt3_button button_title=&#8221;VETE AL FORUM&#8221; button_alignment=&#8221;center&#8221; btn_border_radius=&#8221;30px&#8221; link=&#8221;url:https%3A%2F%2Fjointhebeautymovement.com%2Fnewsletter%2F|||&#8221; item_el_class=&#8221;Iww&#8221;][gt3_icon_box icon_type=&#8221;image&#8221; thumbnail=&#8221;11931&#8243; icon_position=&#8221;top&#8221; css_animation=&#8221;bottom-to-top&#8221; icon_size=&#8221;large&#8221; title_tag=&#8221;h6&#8243; iconbox_title_size=&#8221;20&#8243; iconbox_content_size=&#8221;16&#8243; title_color=&#8221;#334e6f&#8221; text_color=&#8221;#8995a2&#8243; link_color=&#8221;#5ec0d5&#8243; link_hover_color=&#8221;#000000&#8243; new_tab=&#8221;&#8221; icon_circle=&#8221;&#8221; icon_add_number=&#8221;true&#8221; heading=&#8221;Find locations&#8221; text=&#8221;Easily make a reservation in minutes with our built-in booking system.&#8221; icon_number=&#8221;2&#8243;][gt3_spacing height=&#8221;65px&#8221;][\/vc_column_inner][vc_column_inner width=&#8221;1\/3&#8243; css=&#8221;.vc_custom_1508743073653{padding-right: 30px !important;padding-left: 30px !important;}&#8221;][gt3_icon_box icon_type=&#8221;image&#8221; thumbnail=&#8221;11933&#8243; icon_position=&#8221;top&#8221; css_animation=&#8221;bottom-to-top&#8221; icon_size=&#8221;large&#8221; title_tag=&#8221;h6&#8243; iconbox_title_size=&#8221;20&#8243; iconbox_content_size=&#8221;16&#8243; title_color=&#8221;#334e6f&#8221; text_color=&#8221;#8995a2&#8243; link_color=&#8221;#5ec0d5&#8243; link_hover_color=&#8221;#000000&#8243; new_tab=&#8221;&#8221; icon_circle=&#8221;&#8221; icon_add_number=&#8221;true&#8221; heading=&#8221;Go have fun&#8221; text=&#8221;It\u2019s time to enjoy your life and let ListingEasy do the rest.&#8221; icon_number=&#8221;3&#8243;][gt3_spacing height=&#8221;65px&#8221;][\/vc_column_inner][\/vc_row_inner][\/vc_column][\/vc_row][vc_row full_width=&#8221;stretch_row&#8221; disable_element=&#8221;yes&#8221; css=&#8221;.vc_custom_1588542897828{margin-top: -70px !important;background-color: #ffffff !important;}&#8221;][vc_column css=&#8221;.vc_custom_1508502007650{padding-top: 0px !important;}&#8221;][vc_column_text css=&#8221;.vc_custom_1588542561379{margin-bottom: 0px !important;}&#8221;]\n<h2 style=\"text-align: center;\">In viaggio con noi<\/h2>\n[\/vc_column_text][gt3_spacing height=&#8221;25px&#8221;][gt3_custom_text text_color=&#8221;&#8221; font_size=&#8221;18&#8243;]\n<p style=\"text-align: center;\">Anche il viaggio pi\u00f9 lungo comincia con un solo passo, e lungo strada si aggiungono compagni che condividono la meta e rendono il cammino pi\u00f9 agile: sono narratori, costruttori, sognatori, portatori, geografi o scienziati, artisti o inventori.<br \/>\nAnche tu potresti essere uno di loro&#8230; uno dei nostri!<\/p>\n[\/gt3_custom_text][gt3_spacing height=&#8221;25px&#8221;][gt3_team use_filter=&#8221;&#8221; link_post=&#8221;true&#8221; posts_per_line=&#8221;2&#8243; grid_gap=&#8221;25px&#8221; build_query=&#8221;size:12|order_by:ID|order:ASC|tax_query:78&#8243;][gt3_spacing height=&#8221;63px&#8221;][vc_row_inner disable_element=&#8221;yes&#8221; el_class=&#8221;gt3_iconboxes_line&#8221;][vc_column_inner width=&#8221;1\/3&#8243; css=&#8221;.vc_custom_1508743068141{padding-right: 30px !important;padding-left: 30px !important;}&#8221;][gt3_icon_box icon_type=&#8221;image&#8221; thumbnail=&#8221;11929&#8243; icon_position=&#8221;top&#8221; css_animation=&#8221;bottom-to-top&#8221; icon_size=&#8221;large&#8221; title_tag=&#8221;h6&#8243; iconbox_title_size=&#8221;20&#8243; iconbox_content_size=&#8221;16&#8243; title_color=&#8221;#334e6f&#8221; text_color=&#8221;#8995a2&#8243; link_color=&#8221;#5ec0d5&#8243; link_hover_color=&#8221;#000000&#8243; new_tab=&#8221;&#8221; icon_circle=&#8221;&#8221; icon_add_number=&#8221;true&#8221; heading=&#8221;Choose a category&#8221; text=&#8221;Search and Find what you are looking for. Best spots are here for you.&#8221; icon_number=&#8221;1&#8243;][gt3_spacing height=&#8221;65px&#8221;][\/vc_column_inner][vc_column_inner width=&#8221;1\/3&#8243; css=&#8221;.vc_custom_1508743063229{padding-right: 30px !important;padding-left: 30px !important;}&#8221;][gt3_icon_box icon_type=&#8221;image&#8221; thumbnail=&#8221;11931&#8243; icon_position=&#8221;top&#8221; css_animation=&#8221;bottom-to-top&#8221; icon_size=&#8221;large&#8221; title_tag=&#8221;h6&#8243; iconbox_title_size=&#8221;20&#8243; iconbox_content_size=&#8221;16&#8243; title_color=&#8221;#334e6f&#8221; text_color=&#8221;#8995a2&#8243; link_color=&#8221;#5ec0d5&#8243; link_hover_color=&#8221;#000000&#8243; new_tab=&#8221;&#8221; icon_circle=&#8221;&#8221; icon_add_number=&#8221;true&#8221; heading=&#8221;Find locations&#8221; text=&#8221;Easily make a reservation in minutes with our built-in booking system.&#8221; icon_number=&#8221;2&#8243;][gt3_spacing height=&#8221;65px&#8221;][\/vc_column_inner][vc_column_inner width=&#8221;1\/3&#8243; css=&#8221;.vc_custom_1508743073653{padding-right: 30px !important;padding-left: 30px !important;}&#8221;][gt3_icon_box icon_type=&#8221;image&#8221; thumbnail=&#8221;11933&#8243; icon_position=&#8221;top&#8221; css_animation=&#8221;bottom-to-top&#8221; icon_size=&#8221;large&#8221; title_tag=&#8221;h6&#8243; iconbox_title_size=&#8221;20&#8243; iconbox_content_size=&#8221;16&#8243; title_color=&#8221;#334e6f&#8221; text_color=&#8221;#8995a2&#8243; link_color=&#8221;#5ec0d5&#8243; link_hover_color=&#8221;#000000&#8243; new_tab=&#8221;&#8221; icon_circle=&#8221;&#8221; icon_add_number=&#8221;true&#8221; heading=&#8221;Go have fun&#8221; text=&#8221;It\u2019s time to enjoy your life and let ListingEasy do the rest.&#8221; icon_number=&#8221;3&#8243;][gt3_spacing height=&#8221;65px&#8221;][\/vc_column_inner][\/vc_row_inner][\/vc_column][\/vc_row][vc_row full_width=&#8221;stretch_row&#8221; disable_element=&#8221;yes&#8221; css=&#8221;.vc_custom_1585778607891{margin-top: 0px !important;margin-bottom: 0px !important;border-top-width: 1px !important;border-right-width: 0px !important;border-bottom-width: 1px !important;border-left-width: 0px !important;padding-top: 0px !important;padding-bottom: 0px !important;background-color: #f9f9f9 !important;border-left-color: #f0f0f0 !important;border-left-style: solid !important;border-right-color: #f0f0f0 !important;border-right-style: solid !important;border-top-color: #f0f0f0 !important;border-top-style: solid !important;border-bottom-color: #f0f0f0 !important;border-bottom-style: solid !important;}&#8221;][vc_column css=&#8221;.vc_custom_1508752548414{margin-top: 0px !important;margin-bottom: 0px !important;padding-top: 0px !important;padding-bottom: 0px !important;}&#8221;][gt3_spacing height=&#8221;100px&#8221;][vc_row_inner][vc_column_inner width=&#8221;1\/2&#8243; css=&#8221;.vc_custom_1508752620102{margin-bottom: 0px !important;}&#8221;][gt3_video_popup bg_image=&#8221;12077&#8243; video_link=&#8221;https:\/\/www.youtube.com\/watch?v=kv8GSZApW_g&#8221;][gt3_spacing height=&#8221;60px&#8221; responsive_es=&#8221;true&#8221; height_mobile=&#8221;10&#8243;][\/vc_column_inner][vc_column_inner width=&#8221;1\/2&#8243; css=&#8221;.vc_custom_1508748112067{padding-left: 35px !important;}&#8221;][vc_column_text css=&#8221;.vc_custom_1508748136133{margin-bottom: 0px !important;padding-top: 12px !important;padding-bottom: 5px !important;}&#8221;]\n<h2 style=\"text-align: left;\">How we work<\/h2>\n[\/vc_column_text][gt3_custom_text text_color=&#8221;&#8221; font_size=&#8221;18&#8243;]\n<p style=\"text-align: left;\">Check video presentation to find out more about us<\/p>\n[\/gt3_custom_text][gt3_spacing height=&#8221;24px&#8221;][vc_column_text css=&#8221;.vc_custom_1508752994546{margin-bottom: 0px !important;}&#8221;]They sat on the Terrace and many of the fishermen made fun of the old man and he was not angry. Others, of the older fisher men, looked at him and were sad. <a href=\"#\">But they did not show it and they<\/a> spoke politely about the current and the depths they had drifted their lines.[\/vc_column_text][gt3_spacing height=&#8221;17px&#8221;][vc_column_text css=&#8221;.vc_custom_1508753006809{margin-bottom: 32px !important;}&#8221;]Those who had caught sharks <em><u>had taken them to the shark factory<\/u><\/em> on the other side of the cove where they were hoisted on a block and tackle, their livers removed, their fins cut off.[\/vc_column_text][gt3_button button_title=&#8221;LEARN MORE&#8221; btn_border_radius=&#8221;25px&#8221; btn_icon_type=&#8221;font&#8221; btn_icon_fontawesome=&#8221;fa fa-angle-right&#8221; btn_icon_position=&#8221;right&#8221; icon_font_size=&#8221;16&#8243; use_theme_button=&#8221;&#8221; btn_bg_color=&#8221;#28b8dc&#8221; btn_text_color=&#8221;#ffffff&#8221; btn_bg_color_hover=&#8221;#ffffff&#8221; btn_text_color_hover=&#8221;#28b8dc&#8221; btn_icon_color=&#8221;#ffffff&#8221; btn_icon_color_hover=&#8221;#28b8dc&#8221; btn_border_color=&#8221;#28b8dc&#8221; btn_border_color_hover=&#8221;#ededed&#8221; link=&#8221;url:%23|||&#8221; css=&#8221;.vc_custom_1508759652120{margin-top: 0px !important;margin-right: 0px !important;margin-bottom: 0px !important;margin-left: 0px !important;}&#8221;][gt3_spacing height=&#8221;60px&#8221;][\/vc_column_inner][\/vc_row_inner][vc_row_inner][vc_column_inner width=&#8221;1\/4&#8243;][gt3_counter icon_type=&#8221;none&#8221; counter_title=&#8221;Happy customers&#8221; counter_value=&#8221;241&#8243; counter_title_size=&#8221;18&#8243; counter_value_color=&#8221;#334e6f&#8221; title_color=&#8221;#8995a2&#8243; item_el_class=&#8221;counter-center&#8221;][gt3_spacing height=&#8221;45px&#8221;][\/vc_column_inner][vc_column_inner width=&#8221;1\/4&#8243;][gt3_counter icon_type=&#8221;none&#8221; counter_title=&#8221;Listing pages&#8221; counter_value=&#8221;567&#8243; counter_value_color=&#8221;#334e6f&#8221; title_color=&#8221;#848d95&#8243; item_el_class=&#8221;counter-center&#8221;][gt3_spacing height=&#8221;45px&#8221;][\/vc_column_inner][vc_column_inner width=&#8221;1\/4&#8243;][gt3_counter icon_type=&#8221;none&#8221; counter_title=&#8221;Best followers&#8221; counter_value=&#8221;7589&#8243; counter_value_color=&#8221;#334e6f&#8221; title_color=&#8221;#848d95&#8243; item_el_class=&#8221;counter-center&#8221;][gt3_spacing height=&#8221;45px&#8221;][\/vc_column_inner][vc_column_inner width=&#8221;1\/4&#8243;][gt3_counter icon_type=&#8221;none&#8221; counter_title=&#8221;Team members&#8221; counter_value=&#8221;33&#8243; counter_value_color=&#8221;#334e6f&#8221; title_color=&#8221;#848d95&#8243; item_el_class=&#8221;counter-center&#8221;][gt3_spacing height=&#8221;45px&#8221;][\/vc_column_inner][\/vc_row_inner][gt3_spacing height=&#8221;50px&#8221;][\/vc_column][\/vc_row][vc_row full_width=&#8221;stretch_row&#8221; disable_element=&#8221;yes&#8221; css=&#8221;.vc_custom_1585778617436{margin-bottom: 0px !important;background-color: #ffffff !important;}&#8221;][vc_column][gt3_spacing height=&#8221;58px&#8221;][vc_column_text css=&#8221;.vc_custom_1508760157071{margin-bottom: 0px !important;}&#8221;]\n<h2 style=\"text-align: center;\">Featured categories<\/h2>\n[\/vc_column_text][gt3_spacing height=&#8221;5px&#8221;][gt3_custom_text text_color=&#8221;&#8221; font_size=&#8221;18&#8243;]\n<p style=\"text-align: center;\">Discover New York\u2019s best things to do, restaurants, theatre, nightlife and more.<\/p>\n[\/gt3_custom_text][gt3_spacing height=&#8221;62px&#8221;][gt3_listing_categories view_type=&#8221;type_packery&#8221; number_of_items=&#8221;6&#8243; packery_layout=&#8221;pls_4items&#8221; categories_slug=&#8221;parking, food-drink, outdoor, shop-store&#8221;][gt3_spacing height=&#8221;100px&#8221;][\/vc_column][\/vc_row][vc_row full_width=&#8221;stretch_row&#8221; disable_element=&#8221;yes&#8221; css=&#8221;.vc_custom_1585778627778{margin-bottom: -40px !important;background-image: url(https:\/\/livewp.site\/wp\/md\/listingeasy\/wp-content\/uploads\/sites\/4\/2017\/10\/home_01_pattern.jpg?id=12007) !important;background-position: 0 0 !important;background-repeat: repeat !important;}&#8221;][vc_column offset=&#8221;vc_col-lg-offset-1 vc_col-lg-10&#8243;][gt3_spacing height=&#8221;58px&#8221;][vc_column_text css=&#8221;.vc_custom_1508768380535{margin-bottom: 15px !important;}&#8221;]\n<h2 style=\"text-align: center;\">What people say<\/h2>\n[\/vc_column_text][gt3_testimonials view_type=&#8221;type4&#8243; testimonilas_text_size=&#8221;18&#8243; text_color=&#8221;#8995a2&#8243; testimonilas_author_size=&#8221;14&#8243; sign_color=&#8221;#fbaf2a&#8221; img_width=&#8221;80&#8243; img_height=&#8221;80&#8243;][gt3_testimonial_item tstm_author=&#8221;John Deere&#8221; tstm_author_position=&#8221;Creative Director at Digital Cloud&#8221; image=&#8221;12261&#8243; select_rate=&#8221;none&#8221;]&#8221;The old man was thin and gaunt with deep wrinkles in the back of his neck. The brown blotches of the benevolent skin cancer the sun brings from its eflection on the tropic sea were on his cheeks. Everything about him was old except his eyes.&#8221;[\/gt3_testimonial_item][gt3_testimonial_item tstm_author=&#8221;Karen D. Doe&#8221; tstm_author_position=&#8221;Founder at Digital Cloud&#8221; image=&#8221;12263&#8243; select_rate=&#8221;none&#8221;]&#8221;Lorem ipsum dolor sit amet, consectetur adipiscing elit. Integer nec odio. Praesent libero. Sed cursus ante dapibus diam. Sed nisi. Nulla quis sem at nibh elementum imperdiet. Duis sagittis ipsum. Praesent mauris.&#8221;[\/gt3_testimonial_item][gt3_testimonial_item tstm_author=&#8221;Steve Doe&#8221; tstm_author_position=&#8221;Photographer at Digital Cloud&#8221; image=&#8221;11662&#8243; select_rate=&#8221;none&#8221;]&#8221;Quisque cursus, metus vitae pharetra auctor, sem massa mattis sem, at interdum magna augue eget diam. Vestibulum ante ipsum primis in faucibus orci luctus et ultrices posuere cubilia Curae; Morbi lacinia molestie dui. Praesent blandit dolor.&#8221;[\/gt3_testimonial_item][gt3_testimonial_item tstm_author=&#8221;Edna Millican&#8221; tstm_author_position=&#8221;Agency CEO at Digital Cloud&#8221; image=&#8221;12130&#8243; select_rate=&#8221;none&#8221;]&#8221;Class aptent taciti sociosqu ad litora torquent per conubia nostra, per inceptos himenaeos. Nam nec ante. Sed lacinia, urna non tincidunt mattis, tortor neque adipiscing diam, a cursus ipsum ante quis turpis. Nulla facilisi. Ut fringilla.&#8221;[\/gt3_testimonial_item][\/gt3_testimonials][gt3_spacing height=&#8221;68px&#8221;][\/vc_column][\/vc_row]\n","protected":false},"excerpt":{"rendered":"<p>[vc_row full_width=&#8221;stretch_row&#8221; css=&#8221;.vc_custom_1589004394499{margin-top: -140px !important;background-color: #ffffff !important;}&#8221;][vc_column css=&#8221;.vc_custom_1508502007650{padding-top: 0px !important;}&#8221;][gt3_spacing height=&#8221;50px&#8221;][gt3_custom_text text_color=&#8221;&#8221; font_size=&#8221;18&#8243;]Para imaginar y hacer posible el mundo en el que queremos vivir, descrito en la Visi\u00f3n, el Movimiento de la Belleza quiere ser una plataforma editorial y una red de referencia para reunir y conectar personas, organizaciones, ideas, proyectos y recursos econ\u00f3micos, dirigidos [&hellip;]<\/p>\n","protected":false},"author":1,"featured_media":0,"parent":0,"menu_order":0,"comment_status":"closed","ping_status":"closed","template":"","meta":[],"_links":{"self":[{"href":"https:\/\/jointhebeautymovement.com\/es\/wp-json\/wp\/v2\/pages\/15838"}],"collection":[{"href":"https:\/\/jointhebeautymovement.com\/es\/wp-json\/wp\/v2\/pages"}],"about":[{"href":"https:\/\/jointhebeautymovement.com\/es\/wp-json\/wp\/v2\/types\/page"}],"author":[{"embeddable":true,"href":"https:\/\/jointhebeautymovement.com\/es\/wp-json\/wp\/v2\/users\/1"}],"replies":[{"embeddable":true,"href":"https:\/\/jointhebeautymovement.com\/es\/wp-json\/wp\/v2\/comments?post=15838"}],"version-history":[{"count":6,"href":"https:\/\/jointhebeautymovement.com\/es\/wp-json\/wp\/v2\/pages\/15838\/revisions"}],"predecessor-version":[{"id":15895,"href":"https:\/\/jointhebeautymovement.com\/es\/wp-json\/wp\/v2\/pages\/15838\/revisions\/15895"}],"wp:attachment":[{"href":"https:\/\/jointhebeautymovement.com\/es\/wp-json\/wp\/v2\/media?parent=15838"}],"curies":[{"name":"wp","href":"https:\/\/api.w.org\/{rel}","templated":true}]}}